{"id":263,"date":"2026-03-05T12:37:04","date_gmt":"2026-03-05T11:37:04","guid":{"rendered":"https:\/\/logronovive.es\/site\/?page_id=263"},"modified":"2026-04-15T16:58:42","modified_gmt":"2026-04-15T14:58:42","slug":"aportes-lista","status":"publish","type":"page","link":"https:\/\/logronovive.es\/site\/aportes-lista\/","title":{"rendered":"Todos los aportes"},"content":{"rendered":"\n<div class=\"lv-archivo-wrap\">\n\n  <section class=\"lv-archivo-head\">\n    <div class=\"lv-archivo-head__inner\">\n      <span class=\"lv-archivo-head__eyebrow\">Archivo ciudadano<\/span>\n      <h1>Todos los aportes<\/h1>\n      <p>\n        Opiniones, propuestas e incidencias publicadas para entender mejor Logro\u00f1o y sus barrios.\n      <\/p>\n\n      <div class=\"lv-archivo-actions\">\n        <a class=\"lv-archivo-btn lv-archivo-btn--primary\" href=\"\/site\/participa\/\">Escribir un aporte<\/a>\n        <a class=\"lv-archivo-btn\" href=\"\/site\/aportes\/\">Volver a Aportes<\/a>\n        <a class=\"lv-archivo-btn\" href=\"\/site\/normas\/\">Normas<\/a>\n      <\/div>\n    <\/div>\n  <\/section>\n\n<\/div>\n\n\n<div class=\"lvAcrWrap\"><section class=\"lvAcrFeatured\"><div class=\"lvAcrFeaturedGrid\"><div class=\"lvAcrFeaturedText\"><span class=\"lvAcrKicker\">Destacado autom\u00e1tico<\/span><h2 class=\"lvAcrTitle\">Opina \u00b7 San Ant\u00f3n \u00b7 Cuando piensa el Sr Alcalde hacer algo en la ciudad, para qu\u2026<\/h2><div class=\"lvAcrAuto\">Este aporte aparece destacado por su <strong>actividad real<\/strong> en la web: comentarios y seguimiento. <strong>No responde a un criterio editorial del equipo de Logro\u00f1o Vive<\/strong>.<\/div><div class=\"lvAcrMeta\"><span class=\"lvAcrChip\">Opina<\/span><span class=\"lvAcrChip\">San Ant\u00f3n<\/span><span class=\"lvAcrChip\">Movilidad<\/span><\/div><div class=\"lvAcrAutoStats\"><span class=\"lvAcrStat\">\ud83d\udcac <strong>3<\/strong> comentarios<\/span><\/div><div class=\"lvAcrText\">Barrio\/Zona: San Ant\u00f3n Tema: Movilidad Cuando piensa el Sr Alcalde hacer algo en la ciudad, para que la calle San Ant\u00f3n se peatonalice con un aparcamiento subterr\u00e1neo que ayudar\u00eda a los logro\u00f1eses y visitantes a aparcar.<\/div><div class=\"lvAcrActions\"><a class=\"lvAcrBtn lvAcrBtnPrimary\" href=\"https:\/\/logronovive.es\/site\/aporte\/opina-%c2%b7-san-anton-%c2%b7-cuando-piensa-el-sr-alcalde-hacer-algo-en-la-ciudad-para-qu\/\">Ver aporte<\/a><\/div><\/div><div class=\"lvAcrFeaturedNoMedia\"><img decoding=\"async\" src=\"https:\/\/logronovive.es\/site\/wp-content\/uploads\/2026\/03\/favicon_v.png\" alt=\"Logro\u00f1o Vive\"><\/div><\/div><\/section><section class=\"lvAcrBlock\"><h2 class=\"lvAcrSectionTitle\">\u00daltimos aportes<\/h2><div class=\"lvAcrGrid\"><article class=\"lvAcrCard\"><span class=\"lvAcrTag lvAcrTag-senala\">Se\u00f1ala<\/span><div class=\"lvAcrCardTitle\">Se\u00f1ala \u00b7 CENTRO \u00b7 M.Pelayo<\/div><p class=\"lvAcrCardDesc\">Barrio: CENTRO Tema: Movilidad Ubicaci\u00f3n: M.Pelayo El peor tramo de acera de toda la capital est\u00e1 en Menendez&hellip;<\/p><div class=\"lvAcrMeta\"><span class=\"lvAcrMuted\">\ud83d\udccd Centro &nbsp; \ud83c\udff7\ufe0f Movilidad &nbsp; \ud83d\uddd3\ufe0f 14 de mayo de 2026<\/span><\/div><div class=\"lvAcrActions\"><a class=\"lvAcrBtn\" href=\"https:\/\/logronovive.es\/site\/aporte\/senala-%c2%b7-centro-%c2%b7-m-pelayo\/\">Leer aporte<\/a><\/div><\/article><article class=\"lvAcrCard\"><span class=\"lvAcrTag lvAcrTag-propon\">Prop\u00f3n<\/span><div class=\"lvAcrCardTitle\">Calle Maria Teresa continua y con pasos peatonales<\/div><p class=\"lvAcrCardDesc\">Barrio\/Zona: CENTRO Tema: Movilidad Dado que la calle Maria Teresa Gil de Garate es peatonal y con tr\u00e1nsito&hellip;<\/p><div class=\"lvAcrMeta\"><span class=\"lvAcrMuted\">\ud83d\udccd Centro &nbsp; \ud83c\udff7\ufe0f Movilidad &nbsp; \ud83d\uddd3\ufe0f 13 de mayo de 2026<\/span><\/div><div class=\"lvAcrActions\"><a class=\"lvAcrBtn\" href=\"https:\/\/logronovive.es\/site\/aporte\/calle-maria-teresa-continua-y-con-pasos-peatonales\/\">Leer aporte<\/a><\/div><\/article><article class=\"lvAcrCard\"><span class=\"lvAcrTag lvAcrTag-propon\">Prop\u00f3n<\/span><div class=\"lvAcrCardTitle\">PARQUES DE CALISTENIA<\/div><p class=\"lvAcrCardDesc\">Barrio\/Zona: CENTRO Tema: Otros Solicito que se instalen Parques de Calistenia y propongo zonas, como: Plazas primero de&hellip;<\/p><div class=\"lvAcrMeta\"><span class=\"lvAcrMuted\">\ud83d\udccd Centro &nbsp; \ud83c\udff7\ufe0f Otros &nbsp; \ud83d\uddd3\ufe0f 13 de mayo de 2026<\/span><\/div><div class=\"lvAcrActions\"><a class=\"lvAcrBtn\" href=\"https:\/\/logronovive.es\/site\/aporte\/parques-de-calistenia\/\">Leer aporte<\/a><\/div><\/article><\/div><\/section><section class=\"lvAcrBlock\"><h2 class=\"lvAcrSectionTitle\">M\u00e1s aportes<\/h2><p class=\"lvAcrMuted\">Rotaci\u00f3n diaria estable con ligera prioridad a los menos vistos.<\/p><div class=\"lvAcrGrid\"><article class=\"lvAcrCard\"><span class=\"lvAcrTag lvAcrTag-senala\">Se\u00f1ala<\/span><div class=\"lvAcrCardTitle\">Se\u00f1ala \u00b7 san juan pablo II<\/div><p class=\"lvAcrCardDesc\">Ubicaci\u00f3n: san juan pablo II la escuela de idiomas da pena, todo su entorno interior lleno de rincones&hellip;<\/p><div class=\"lvAcrMeta\"><span class=\"lvAcrMuted\">\ud83d\uddd3\ufe0f 9 de marzo de 2026<\/span><\/div><div class=\"lvAcrActions\"><a class=\"lvAcrBtn\" href=\"https:\/\/logronovive.es\/site\/aporte\/senala-%c2%b7-san-juan-pablo-ii\/\">Leer aporte<\/a><\/div><\/article><article class=\"lvAcrCard\"><span class=\"lvAcrTag lvAcrTag-senala\">Se\u00f1ala<\/span><div class=\"lvAcrCardTitle\">Se\u00f1ala \u00b7 Varios \u00b7 C\/Pino y amorena<\/div><p class=\"lvAcrCardDesc\">Barrio: Varios Tema: Limpieza Ubicaci\u00f3n: C\/Pino y amorena Esta calle, est\u00e1 fatal, fea, sucia, baldosas movidas que ensucian&hellip;<\/p><div class=\"lvAcrMeta\"><span class=\"lvAcrMuted\">\ud83d\udccd Varios &nbsp; \ud83c\udff7\ufe0f Limpieza &nbsp; \ud83d\uddd3\ufe0f 5 de abril de 2026<\/span><\/div><div class=\"lvAcrActions\"><a class=\"lvAcrBtn\" href=\"https:\/\/logronovive.es\/site\/aporte\/senala-%c2%b7-varios-%c2%b7-c-pino-y-amorena\/\">Leer aporte<\/a><\/div><\/article><article class=\"lvAcrCard\"><span class=\"lvAcrTag lvAcrTag-propon\">Prop\u00f3n<\/span><div class=\"lvAcrCardTitle\">Camino asfaltado a Navarrete<\/div><p class=\"lvAcrCardDesc\">Barrio\/Zona: Varios Tema: Otros Ser\u00eda conveniente disponer de un camino asfaltado completo desde la zona sur de Logro\u00f1&hellip;<\/p><div class=\"lvAcrMeta\"><span class=\"lvAcrMuted\">\ud83d\udccd Varios &nbsp; \ud83c\udff7\ufe0f Otros &nbsp; \ud83d\uddd3\ufe0f 6 de abril de 2026<\/span><\/div><div class=\"lvAcrActions\"><a class=\"lvAcrBtn\" href=\"https:\/\/logronovive.es\/site\/aporte\/camino-asfaltado-a-navarrete\/\">Leer aporte<\/a><\/div><\/article><article class=\"lvAcrCard\"><span class=\"lvAcrTag lvAcrTag-opina\">Opina<\/span><div class=\"lvAcrCardTitle\">Opina \u00b7 Centro \u00b7 Mi negocio est\u00e1 en doctores Castroviejo 38,todo lo q se hace\u2026<\/div><p class=\"lvAcrCardDesc\">Barrio\/Zona: Centro Tema: Hosteler\u00eda Mi negocio est\u00e1 en doctores Castroviejo 38,todo lo q se hace en la zona&hellip;<\/p><div class=\"lvAcrMeta\"><span class=\"lvAcrMuted\">\ud83d\udccd Centro &nbsp; \ud83c\udff7\ufe0f Hosteler\u00eda &nbsp; \ud83d\uddd3\ufe0f 17 de marzo de 2026<\/span><\/div><div class=\"lvAcrActions\"><a class=\"lvAcrBtn\" href=\"https:\/\/logronovive.es\/site\/aporte\/opina-%c2%b7-centro-%c2%b7-mi-negocio-esta-en-doctores-castroviejo-38todo-lo-q-se-hace\/\">Leer aporte<\/a><\/div><\/article><article class=\"lvAcrCard\"><span class=\"lvAcrTag lvAcrTag-opina\">Opina<\/span><div class=\"lvAcrCardTitle\">Opina \u00b7 Universidad \u00b7 La zona donde mas atropellos hay en Logro\u00f1o es Avda de la Pa\u2026<\/div><p class=\"lvAcrCardDesc\">Barrio\/Zona: Universidad Tema: Hosteler\u00eda La zona donde mas atropellos hay en Logro\u00f1o es Avda de la Paz, \u00bfporqu\u00e9&hellip;<\/p><div class=\"lvAcrMeta\"><span class=\"lvAcrMuted\">\ud83d\udccd Universidad &nbsp; \ud83c\udff7\ufe0f Hosteler\u00eda &nbsp; \ud83d\uddd3\ufe0f 6 de abril de 2026<\/span><\/div><div class=\"lvAcrActions\"><a class=\"lvAcrBtn\" href=\"https:\/\/logronovive.es\/site\/aporte\/opina-%c2%b7-universidad-%c2%b7-la-zona-donde-mas-atropellos-hay-en-logrono-es-avda-de-la-pa\/\">Leer aporte<\/a><\/div><\/article><\/div><nav class=\"lvAcrPagination\" aria-label=\"Paginaci\u00f3n de aportes\"><span class=\"lvAcrPageCurrent\">1<\/span><a class=\"lvAcrPageLink\" href=\"\/site\/wp-json\/wp\/v2\/pages\/263?lvapg=2\">2<\/a><a class=\"lvAcrPageLink\" href=\"\/site\/wp-json\/wp\/v2\/pages\/263?lvapg=3\">3<\/a><a class=\"lvAcrPageLink\" href=\"\/site\/wp-json\/wp\/v2\/pages\/263?lvapg=4\">4<\/a><a class=\"lvAcrPageLink\" href=\"\/site\/wp-json\/wp\/v2\/pages\/263?lvapg=5\">5<\/a><a class=\"lvAcrPageLink\" href=\"\/site\/wp-json\/wp\/v2\/pages\/263?lvapg=6\">6<\/a><a class=\"lvAcrPageLink\" href=\"\/site\/wp-json\/wp\/v2\/pages\/263?lvapg=7\">7<\/a><a class=\"lvAcrPageLink\" href=\"\/site\/wp-json\/wp\/v2\/pages\/263?lvapg=8\">8<\/a><a class=\"lvAcrPageLink\" href=\"\/site\/wp-json\/wp\/v2\/pages\/263?lvapg=9\">9<\/a><a class=\"lvAcrPageLink\" href=\"\/site\/wp-json\/wp\/v2\/pages\/263?lvapg=10\">10<\/a><a class=\"lvAcrPageLink\" href=\"\/site\/wp-json\/wp\/v2\/pages\/263?lvapg=2\">\u203a<\/a><\/nav><\/section><\/div>\n\n\n\n<a href=\"#\" class=\"lv-backtop\" id=\"lvBackTop\" aria-label=\"Subir arriba\">\u2191<\/a>\n<script>\ndocument.addEventListener('DOMContentLoaded', function () {\n  const btn = document.getElementById('lvBackTop');\n  if (!btn) return;\n\n  function toggleBackTop() {\n    if (window.scrollY > 300) {\n      btn.classList.add('is-visible');\n    } else {\n      btn.classList.remove('is-visible');\n    }\n  }\n\n  window.addEventListener('scroll', toggleBackTop, { passive: true });\n  toggleBackTop();\n\n  btn.addEventListener('click', function (e) {\n    e.preventDefault();\n    window.scrollTo({ top: 0, behavior: 'smooth' });\n  });\n});\n<\/script>\n","protected":false},"excerpt":{"rendered":"<p>Archivo ciudadano Todos los aportes Opiniones, propuestas e incidencias publicadas para entender mejor Logro\u00f1o y sus barrios. Escribir un aporte Volver a Aportes Normas \u2191<\/p>\n","protected":false},"author":1,"featured_media":0,"parent":0,"menu_order":0,"comment_status":"closed","ping_status":"closed","template":"","meta":{"footnotes":""},"class_list":["post-263","page","type-page","status-publish"],"_links":{"self":[{"href":"https:\/\/logronovive.es\/site\/wp-json\/wp\/v2\/pages\/263","targetHints":{"allow":["GET"]}}],"collection":[{"href":"https:\/\/logronovive.es\/site\/wp-json\/wp\/v2\/pages"}],"about":[{"href":"https:\/\/logronovive.es\/site\/wp-json\/wp\/v2\/types\/page"}],"author":[{"embeddable":true,"href":"https:\/\/logronovive.es\/site\/wp-json\/wp\/v2\/users\/1"}],"replies":[{"embeddable":true,"href":"https:\/\/logronovive.es\/site\/wp-json\/wp\/v2\/comments?post=263"}],"version-history":[{"count":8,"href":"https:\/\/logronovive.es\/site\/wp-json\/wp\/v2\/pages\/263\/revisions"}],"predecessor-version":[{"id":917,"href":"https:\/\/logronovive.es\/site\/wp-json\/wp\/v2\/pages\/263\/revisions\/917"}],"wp:attachment":[{"href":"https:\/\/logronovive.es\/site\/wp-json\/wp\/v2\/media?parent=263"}],"curies":[{"name":"wp","href":"https:\/\/api.w.org\/{rel}","templated":true}]}}